{"id":52,"date":"2013-01-29T10:42:18","date_gmt":"2013-01-29T10:42:18","guid":{"rendered":"http:\/\/bizkaiatletismo.eu\/jueces\/?page_id=52"},"modified":"2017-01-30T13:06:30","modified_gmt":"2017-01-30T12:06:30","slug":"certificado-de-pruebas-en-ruta","status":"publish","type":"page","link":"https:\/\/bizkaiatletismo.eu\/jueces\/reglamentos\/certificado-de-pruebas-en-ruta\/","title":{"rendered":"Certificado de Pruebas en Ruta"},"content":{"rendered":"<p><a href=\"https:\/\/drive.google.com\/file\/d\/0B8igtHg-gtU_T0FHYkFOVVpqd0U\" target=\"_blank\"><strong>Ver certificado<\/strong><\/a><\/p>\n<p>Los Jueces \u00c1rbitros de las pruebas en ruta deben exigir la firma de este certificado antes de proceder al comienzo de la competici\u00f3n. \u00a0Hasta tanto no lo tengan en su poder debidamente firmado no deben comenzar. \u00a0En caso de que no se lo den, proceder\u00e1n a comunicar a los participantes que la competici\u00f3n est\u00e1 oficialmente suspendida por la federaci\u00f3n, a todos los efectos, incluido seguro y permiso federativo, \u00a0y lo comunicar\u00e1n igualmente a las autoridades, guardia municipal, ertzainas, etc. presentes en el lugar de la prueba.<\/p>\n","protected":false},"excerpt":{"rendered":"<p>Ver certificado Los Jueces \u00c1rbitros de las pruebas en ruta deben exigir la firma de este certificado antes de proceder al comienzo de la competici\u00f3n. \u00a0Hasta tanto no lo tengan en su poder debidamente firmado no deben comenzar. \u00a0En caso &hellip; <a href=\"https:\/\/bizkaiatletismo.eu\/jueces\/reglamentos\/certificado-de-pruebas-en-ruta\/\">Sigue leyendo <span class=\"meta-nav\">&rarr;<\/span><\/a><\/p>\n","protected":false},"author":2,"featured_media":0,"parent":16,"menu_order":0,"comment_status":"closed","ping_status":"open","template":"","meta":{"footnotes":""},"class_list":["post-52","page","type-page","status-publish","hentry"],"_links":{"self":[{"href":"https:\/\/bizkaiatletismo.eu\/jueces\/wp-json\/wp\/v2\/pages\/52","targetHints":{"allow":["GET"]}}],"collection":[{"href":"https:\/\/bizkaiatletismo.eu\/jueces\/wp-json\/wp\/v2\/pages"}],"about":[{"href":"https:\/\/bizkaiatletismo.eu\/jueces\/wp-json\/wp\/v2\/types\/page"}],"author":[{"embeddable":true,"href":"https:\/\/bizkaiatletismo.eu\/jueces\/wp-json\/wp\/v2\/users\/2"}],"replies":[{"embeddable":true,"href":"https:\/\/bizkaiatletismo.eu\/jueces\/wp-json\/wp\/v2\/comments?post=52"}],"version-history":[{"count":5,"href":"https:\/\/bizkaiatletismo.eu\/jueces\/wp-json\/wp\/v2\/pages\/52\/revisions"}],"predecessor-version":[{"id":1967,"href":"https:\/\/bizkaiatletismo.eu\/jueces\/wp-json\/wp\/v2\/pages\/52\/revisions\/1967"}],"up":[{"embeddable":true,"href":"https:\/\/bizkaiatletismo.eu\/jueces\/wp-json\/wp\/v2\/pages\/16"}],"wp:attachment":[{"href":"https:\/\/bizkaiatletismo.eu\/jueces\/wp-json\/wp\/v2\/media?parent=52"}],"curies":[{"name":"wp","href":"https:\/\/api.w.org\/{rel}","templated":true}]}}