{"id":31,"date":"2013-01-28T13:45:06","date_gmt":"2013-01-28T12:45:06","guid":{"rendered":"http:\/\/bizkaiatletismo.eu\/jueces\/?page_id=31"},"modified":"2016-11-09T14:17:59","modified_gmt":"2016-11-09T13:17:59","slug":"anteriores","status":"publish","type":"page","link":"https:\/\/bizkaiatletismo.eu\/jueces\/designaciones\/anteriores\/","title":{"rendered":"Anteriores"},"content":{"rendered":"<p><span style=\"color: #ff0000;\"><strong>Temporada 2013-2014<\/strong><\/span><\/p>\n<p><strong>AZKORRA BILBAO, PEDRO<\/strong><\/p>\n<ul>\n<li>23-11 PLP Zorroza &#8211; Juez \u00c1rbitro<\/li>\n<li>4-1 PLP &#8211; Zorroza &#8211; Juez \u00c1rbitro<\/li>\n<li>12-1 Campeonato de Bizkaia de Cross -Ortuella &#8211; Juez \u00c1rbitro<\/li>\n<li>10-1 San Antontxuko Herri Krosa &#8211; Mungia &#8211; Juez \u00c1rbitro<\/li>\n<li>15-2 Cto. Euskadi Absoluto PC &#8211; Donosti &#8211; Juez \u00c1rbitro de Carreras<\/li>\n<li>21-2 PLP Escolar &#8211; Basauri &#8211; Juez \u00c1rbitro<\/li>\n<li>30-3 Sopelako Herri Krosa &#8211; Sopela &#8211; Juez \u00c1rbitro<\/li>\n<li>5-4 Cto. Bizkaia Clubes Sub 20 &#8211; Durango &#8211; Juez \u00c1rbitro<\/li>\n<li>3-5 Final Centros Escolar &#8211; Zorroza &#8211; Juez \u00c1rbitro<\/li>\n<li>21-6 Mitin Bilbao Kirolak &#8211; Zorroza &#8211; Director de Reuni\u00f3n<\/li>\n<\/ul>\n<p><strong>BASTERRETXEA, GAIZKA<\/strong><\/p>\n<ul>\n<li>17-5 Liga Clubes D Honor Mujeres &#8211; Durango &#8211; Director de Reuni\u00f3n<\/li>\n<\/ul>\n<p><strong>D\u00cdAZ ARCE, JUAN CARLOS<\/strong><\/p>\n<ul>\n<li>9-11 PLP Escolar &#8211; Durango &#8211; Juez \u00c1rbitro<\/li>\n<li>6-12 Joseba Jaka Herri Lasterketa &#8211; Durango &#8211; Juez \u00c1rbitro<\/li>\n<li>18-1 PLP &#8211; Durango &#8211; Juez \u00c1rbitro<\/li>\n<li>2-2 Cross Escolar de Ermua &#8211; Juez \u00c1rbitro<\/li>\n<li>15\/16-2 Cto. Euskadi Absoluto PC &#8211; Donosti &#8211; Juez \u00c1rbitro de Concursos<\/li>\n<li>3\/4-5 Cto. Euskadi Pruebas Combinadas, Cto Vizkaya y Euskadi de Fondo &#8211; Durango &#8211; Juez \u00c1rbitro<\/li>\n<li>31-5 Cto. Euskadi Atletismo Adaptado &#8211; Basauri &#8211; Juez \u00c1rbitro<\/li>\n<\/ul>\n<p><strong>GAL\u00cdNDEZ CABALLERO, CARLOS<\/strong><\/p>\n<ul>\n<li>17-11 Herri Krossa Bilbao &#8211; Bilbao &#8211; Juez \u00c1rbitro<\/li>\n<li>1-2 Copa de Euskadi de Clubes PC &#8211; Donosti &#8211; Juez \u00c1rbitro de Carreras<\/li>\n<li>11\/12-4 Cto. Bizkaia Clubes Cd-Jr-Jv &#8211; Durango &#8211; Juez \u00c1rbitro<\/li>\n<\/ul>\n<p><strong>GALINDO TEJERO &#8211; TOM\u00c1S<\/strong><\/p>\n<ul>\n<li>14-12 PLP &#8211; Zorroza &#8211; Bilbao &#8211; Juez \u00c1rbitro<\/li>\n<li>19-1 Campeonato de Euskadi de Marcha &#8211; Errenteria &#8211; Juez Jefe de Marcha<\/li>\n<li>8-3 PLP Escolar &#8211; Zorroza &#8211; Juez \u00c1rbitro<\/li>\n<li>13-4 Carrera del Centenario &#8211; Bilbao &#8211; Juez \u00c1rbitro<\/li>\n<li>26-4 Cto. Bizkaia de Clubes &#8211; Durango &#8211; Juez \u00c1rbitro<\/li>\n<li>24-5 Cto. J\u00fanior Juvenil Sub19 de Euskadi &#8211; Donostia &#8211; Juez \u00c1rbitro<\/li>\n<li>22-6 Reuni\u00f3n de Clubes Ayto. de Basauri &#8211; Basauri &#8211; Juez \u00c1rbitro<\/li>\n<\/ul>\n<p><strong>GARC\u00cdA, WENCESLAO<\/strong><\/p>\n<ul>\n<li>16-11 PLP Escolar &#8211; Zorroza &#8211; Juez \u00c1rbitro<\/li>\n<li>4-4 PLP Escolar &#8211; Durango &#8211; Juez \u00c1rbitro<\/li>\n<\/ul>\n<p><strong>HERN\u00c1NDEZ, MAITE<\/strong><\/p>\n<ul>\n<li>15-12 Memorial Itziar L\u00f3pez Uralde &#8211; Algorta &#8211; Juez \u00c1rbitro<\/li>\n<li>1-2 Copa de Euskadi de Clubes PC &#8211; Donosti &#8211; Juez \u00c1rbitro de Concursos<\/li>\n<li>15-3 PLP Escolar &#8211; Fadura &#8211; Juez \u00c1rbitro<\/li>\n<li>29-3 PLP Escolar &#8211; Basauri &#8211; Juez \u00c1rbitro<\/li>\n<\/ul>\n<p><strong>HERRERA, PABLO<\/strong><\/p>\n<ul>\n<li>17-5 Liga Clubes D.Honor mujeres- Durango\u00a0&#8211; Director T\u00e9cnico<\/li>\n<li>6 Mitin Bilbao Kirolak &#8211; Zorroza &#8211; Director T\u00e9cnico<\/li>\n<\/ul>\n<p><strong>IDARRAGA, ISABEL<\/strong><\/p>\n<ul>\n<li>8-12 Ander Deunaren Krossa &#8211; Usansolo &#8211; Juez \u00c1rbitro<\/li>\n<li>11-1 PLP Infantil-Cadete &#8211; Durango &#8211; Juez \u00c1rbitro<\/li>\n<li>22-3 PLP Alev\u00edn &#8211; Fadura &#8211; Juez \u00c1rbitro<\/li>\n<\/ul>\n<p><strong>MART\u00cdN, EST\u00cdBALIZ<\/strong><\/p>\n<ul>\n<li>15-2 PLP Escolar &#8211; Durango &#8211; Juez \u00c1rbitro<\/li>\n<\/ul>\n<p><strong>MORENO CERROS, DAVID<\/strong><\/p>\n<ul>\n<li>24-11 Cross Escolar Triano &#8211; Abanto-Cierbena &#8211; Juez \u00c1rbitro<\/li>\n<li>29-12 Santxibiri &#8211; Elorrio &#8211; Juez \u00c1rbitro<\/li>\n<li>19-1 Campeonato de Bizkaia de Cros Veteranos &#8211; Muskiz &#8211; Juez \u00c1rbitro<\/li>\n<li>25-1 PLP &#8211; Durango &#8211; Juez \u00c1rbitro<\/li>\n<li>16-2 Cto. Euskadi Abosluto PC &#8211; Donosti &#8211; Juez de Salidas<\/li>\n<li>2-4 PLP &#8211; Durango &#8211; Juez \u00c1rbitro<\/li>\n<li>8-6 Meeting Basauriko Probak &#8211; Basauri &#8211; Juez \u00c1rbitro<\/li>\n<li>9-7 PLP &#8211; Durango &#8211; Juez \u00c1rbitro<\/li>\n<li>18-10 PLP-Escolar- Juez Arbitro<\/li>\n<\/ul>\n<p><strong>P\u00c9REZ, EL\u00cdAS\u00a0<\/strong><\/p>\n<ul>\n<li>16-3 Carrera Mixta de Bilbao &#8211; Bilbao &#8211; Juez \u00c1rbitro<\/li>\n<li>27-4 Galdakao Herri Krossa &#8211; Galdakao &#8211; Juez \u00c1rbitro<\/li>\n<li>4-5 Carrera Popular Pro-S\u00e1hara &#8211; Getxo &#8211; Juez \u00c1rbitro<\/li>\n<\/ul>\n<p><strong>P\u00c9REZ, YAIZA<\/strong><\/p>\n<ul>\n<li>7-12 Cross Escolar &#8211; Usansolo &#8211; Juez \u00c1rbitro<\/li>\n<li>1-2 Copa de Euskadi de Clubes PC &#8211; Donosti &#8211; Juez de Llegadas<\/li>\n<li>22-2 PLP Escolar &#8211; Fadura &#8211; Juez \u00c1rbitro<\/li>\n<li>9-3 Erandioko Krossa &#8211; Erandio &#8211; Juez \u00c1rbitro<\/li>\n<li>12-4 PLP Escolar &#8211; Durango &#8211; Juez \u00c1rbitro<\/li>\n<\/ul>\n<p><strong>S\u00c1ENZ, JOS\u00c9 MAR\u00cdA<\/strong><\/p>\n<ul>\n<li>8-12 Gabonetako Krosa &#8211; Portugalete &#8211; Juez \u00c1rbitro<\/li>\n<li>21-12 PLP &#8211; Durango &#8211; Juez \u00c1rbitro<\/li>\n<li>1-2 Copa de Euskadi de Clubes PC &#8211; Donosti &#8211; Juez de Salidas<\/li>\n<li>16-2 Cto. Euskadi Absoluto PC &#8211; Donosti &#8211; Juez \u00c1rbitro de Carreras<\/li>\n<li>30\/31-5 Cto. de Vizcaya Absoluto &#8211; Basauri &#8211; Juez \u00c1rbitro<\/li>\n<\/ul>\n<p><strong>SANZ, FE<\/strong><\/p>\n<ul>\n<li>29-12 Kross Andra-Mari &#8211; Getxo &#8211; Juez \u00c1rbitro<\/li>\n<li>26-1 Kross Itxartu Taldea &#8211; Algorta &#8211; Juez \u00c1rbitro<\/li>\n<li>18-5 Milla Adepol Villa de Portugalete &#8211; Juez \u00c1rbitro<\/li>\n<li>22-6 Medio Marat\u00f3n Puente de Bizkaia &#8211; Portugalete &#8211; Juez \u00c1rbitro<\/li>\n<\/ul>\n<p><strong>SILVA, JOSEAN<\/strong><\/p>\n<ul>\n<li>23\/24-2 Cto. de Euskadi de Lanzamientos Largos &#8211; Zorroza &#8211; Juez \u00c1rbitro<\/li>\n<li>18-5 Cto. Bizkaya de 10km Ruta &#8211; Zamudio &#8211; Juez \u00c1rbitro<\/li>\n<\/ul>\n<p><strong>Uralde, Javier<\/strong><\/p>\n<ul>\n<li>4-5 Herri Krossa de Ugao Miraballes &#8211; Juez \u00c1rbitro<\/li>\n<li>2-7 PLP &#8211; \u00a0Basauri &#8211; Juez \u00c1rbitro<\/li>\n<\/ul>\n<p><strong>ZALDUEGUI, MONTSE<\/strong><\/p>\n<ul>\n<li>6-12 Balmaseda-Zalla- Balmaseda &#8211; Juez \u00c1rbitro<\/li>\n<\/ul>\n<hr \/>\n<h1><span style=\"color: #ff9900;\">DESIGNACIONES RFEA<\/span><\/h1>\n<p><strong>AZKORRA BILBAO, PEDRO<\/strong><\/p>\n<ul>\n<li>2-2 Copa de Clubes Cadete P.C. &#8211; Zaragoza &#8211; Juez \u00c1rbitro Carreras<\/li>\n<li>17-5 Liga Nacional 1\u00aa DIV. 1\u00aa J. FEM &#8211; Burgos &#8211; Examinador<\/li>\n<li>7-6 Liga Nacional DH 2\u00aa J FEM &#8211; Santander &#8211; Examinador<\/li>\n<li>12-7 Campeonato de Espa\u00f1a de Clubes Veteranos &#8211; Durango &#8211; Juez \u00c1rbitro<\/li>\n<\/ul>\n<p><strong>BASTERRETXEA S\u00c1ENZ, GAIZKA\u00a0<\/strong><\/p>\n<ul>\n<li>24-11 M. Maraton\/36 Maraton I. S. Sebastian\/Cto Espa\u00f1a Maraton Abs. y Veterano &#8211;\u00a0Donostia &#8211;\u00a0Adjunto J.J.Cronom.<\/li>\n<li>22 -3 XXI Media Marat\u00f3n Azkoitia-Azpeitia (Guip\u00fazcoa) \u00a0J.J.Cronometraje<\/li>\n<li>28-6 Liga Nacional 1\u00aa Div. Permanencia Hombres &#8211; Burgos &#8211; Juez \u00c1rbitro<\/li>\n<li>7-9 Media Marat\u00f3n Bajo Pas &#8211; \u00a0Oru\u00f1a de Pielagos (Cantabria) &#8211; J.J. Cronometraje<\/li>\n<\/ul>\n<p><strong>BRIZUELA MARDONES, MIGUEL \u00c1NGEL<\/strong><\/p>\n<ul>\n<li>17-11 \u00a0X Cross de Atapuerca Atapuerca &#8211; Burgos &#8211; J. \u00c1rbitro<\/li>\n<\/ul>\n<p><strong>D\u00cdAZ ARCE, JUAN CARLOS<\/strong><\/p>\n<ul>\n<li>31-12 LXIV Circuito de Nochevieja \u00abMemorial Ram\u00f3n Gil\u00bb Galdakao \u00a0&#8211;\u00a0Juez Arbitro<\/li>\n<li>21-6 100 Km Pedestres de Cantabria \u2013Cto de Santander- Cto Espa\u00f1a 100km Abs. Santander \u00a0&#8211;\u00a0Juez Arbitro<\/li>\n<\/ul>\n<p><strong>GAL\u00cdNDEZ CABALLERO, JUAN IGNACIO<\/strong><\/p>\n<ul>\n<li>3-11 XIX Carrera Popular Costa de Ajo Ajo &#8211; Cantabria &#8211; J. \u00c1rbitro<\/li>\n<li>24- XIV Gran Premio de Los Corrales de Buelna &#8211; Los Corrales de Buelna &#8211; Juez Arbitro<\/li>\n<\/ul>\n<p><strong>GALINDO TEJERO, TOM\u00c1S<\/strong><\/p>\n<ul>\n<li>2-2 Copa de Clubes Cadete P.C. &#8211; Zaragoza &#8211; Presidente Apelaci\u00f3n<\/li>\n<li>5-4 Milla Internacional Bilbao Kirolak &#8211; Bilbao &#8211; Juez \u00c1rbitro<\/li>\n<li>7-6 Liga Nacional DH Hombres 2\u00aa j &#8211; Zaragoza &#8211; Juez \u00c1rbitro<\/li>\n<li>28-6 Liga Nac.DH Muj Perm. y 1\u00aa Div. Hombres Ascenso &#8211; Durango &#8211; JJ Marcha<\/li>\n<li>18-10 Campeonato Espa\u00f1a Clubes Junior-Final &#8211; Zaragoza \u00a0&#8211;\u00a0J.A Hombres:<\/li>\n<\/ul>\n<p><strong>IDARRAGA DOBARAN, ISABEL<\/strong><\/p>\n<ul>\n<li>12-7 Campeonato de Espa\u00f1a de Clubes Veteranos &#8211; Durango &#8211; Juez \u00c1rbitro Adjunta<\/li>\n<li>20-9 Milla Getxo &#8211; Algorta-Guetxo &#8211;\u00a0Juez \u00c1rbitro<\/li>\n<li>4-10 Milla Internacional de Berango Berango &#8211; \u00a0Juez Arbitro:<\/li>\n<\/ul>\n<p><strong>RODRIGUEZ DE LA HERA, JOSE MARIA<\/strong><\/p>\n<ul>\n<li>23-3 \u00a0Carrera de San Jos\u00e9-Gran Premio Diputaci\u00f3n de Burgos &#8211; Villasana de Mena (Burgos)\u00a0Juez \u00c1rbitro<\/li>\n<li>17-5 Liga Nacional DH 1\u00aaJ MASC &#8211; Pamplona &#8211; Examinador<\/li>\n<\/ul>\n<p><strong>S\u00c1ENZ CAMPOO, JOSE MAR\u00cdA<\/strong><\/p>\n<ul>\n<li>30-11 XXIX Cross de la Constituci\u00f3n Aranda de Duero &#8211; Burgos -J. \u00c1rbitro<\/li>\n<li>7-6 Liga Nacional DH Hombres 2\u00aa j &#8211;\u00a0Santander &#8211; Presidente Apelaci\u00f3n<\/li>\n<li>18-10\u00a0Bilbao Night Marath\u00f3n Bilbao \u00a0&#8211;\u00a0Juez Arbitro:<\/li>\n<\/ul>\n<p><span style=\"color: #ff9900;\"><span style=\"color: #ff9900;\"><strong><a href=\"https:\/\/docs.google.com\/document\/d\/1VHC-fCDbbMJ_JddJ8f_hLfWbl2heaV3n5e24MRcnUkQ\/edit?usp=sharing\" target=\"_blank\">Designaciones RFEA Temporada 2012-2013<\/a><\/strong><\/span><\/span><\/p>\n","protected":false},"excerpt":{"rendered":"<p>Temporada 2013-2014 AZKORRA BILBAO, PEDRO 23-11 PLP Zorroza &#8211; Juez \u00c1rbitro 4-1 PLP &#8211; Zorroza &#8211; Juez \u00c1rbitro 12-1 Campeonato de Bizkaia de Cross -Ortuella &#8211; Juez \u00c1rbitro 10-1 San Antontxuko Herri Krosa &#8211; Mungia &#8211; Juez \u00c1rbitro 15-2 Cto. &hellip; <a href=\"https:\/\/bizkaiatletismo.eu\/jueces\/designaciones\/anteriores\/\">Sigue leyendo <span class=\"meta-nav\">&rarr;<\/span><\/a><\/p>\n","protected":false},"author":2,"featured_media":0,"parent":1791,"menu_order":0,"comment_status":"closed","ping_status":"closed","template":"","meta":{"footnotes":""},"class_list":["post-31","page","type-page","status-publish","hentry"],"_links":{"self":[{"href":"https:\/\/bizkaiatletismo.eu\/jueces\/wp-json\/wp\/v2\/pages\/31","targetHints":{"allow":["GET"]}}],"collection":[{"href":"https:\/\/bizkaiatletismo.eu\/jueces\/wp-json\/wp\/v2\/pages"}],"about":[{"href":"https:\/\/bizkaiatletismo.eu\/jueces\/wp-json\/wp\/v2\/types\/page"}],"author":[{"embeddable":true,"href":"https:\/\/bizkaiatletismo.eu\/jueces\/wp-json\/wp\/v2\/users\/2"}],"replies":[{"embeddable":true,"href":"https:\/\/bizkaiatletismo.eu\/jueces\/wp-json\/wp\/v2\/comments?post=31"}],"version-history":[{"count":63,"href":"https:\/\/bizkaiatletismo.eu\/jueces\/wp-json\/wp\/v2\/pages\/31\/revisions"}],"predecessor-version":[{"id":1790,"href":"https:\/\/bizkaiatletismo.eu\/jueces\/wp-json\/wp\/v2\/pages\/31\/revisions\/1790"}],"up":[{"embeddable":true,"href":"https:\/\/bizkaiatletismo.eu\/jueces\/wp-json\/wp\/v2\/pages\/1791"}],"wp:attachment":[{"href":"https:\/\/bizkaiatletismo.eu\/jueces\/wp-json\/wp\/v2\/media?parent=31"}],"curies":[{"name":"wp","href":"https:\/\/api.w.org\/{rel}","templated":true}]}}