{"id":1791,"date":"2016-11-09T14:16:52","date_gmt":"2016-11-09T13:16:52","guid":{"rendered":"http:\/\/bizkaiatletismo.eu\/jueces\/?page_id=1791"},"modified":"2017-06-05T09:47:42","modified_gmt":"2017-06-05T07:47:42","slug":"designaciones","status":"publish","type":"page","link":"https:\/\/bizkaiatletismo.eu\/jueces\/designaciones\/","title":{"rendered":"Designaciones"},"content":{"rendered":"<p style=\"text-align: center;\"><strong>Designaciones Bizkaia \/ Euskadi<\/strong><\/p>\n<p><strong>AZKORRA, PEDRO<\/strong><\/p>\n<ul>\n<li>2016-12-03 Cross Escolar\u00a0&#8211; Usansolo &#8211; Juez \u00c1rbitro<\/li>\n<li>2016-12-25 Cross Andra Mari &#8211; Itxas Argia &#8211; Juez \u00c1rbitro<\/li>\n<li>2017-01-28 PLP P.C. &#8211; Donosti &#8211; Juez \u00c1rbitro<\/li>\n<li>2017-02-04 Cto de Marcha en Ruta de Euskadi &#8211; Portugalete &#8211; Juez \u00c1rbitro<\/li>\n<li>2017-03-26 Sopelanako udala Herri Lasterketa &#8211; Sopela &#8211; Juez \u00c1rbitro<\/li>\n<li>2017-04-30 Medio Marat\u00f3n Puente de Vizcaya &#8211; Gexto\/Portugalete &#8211; Juez \u00c1rbitro<\/li>\n<li>2017-06-04 Cto. Euskadi Absoluto 2\u00aa jornada &#8211; Durango &#8211; Juez \u00c1rbitro<\/li>\n<\/ul>\n<p><strong>BLANCO, INMACULADA<\/strong><\/p>\n<ul>\n<li>2017-05-07 Herri Krossa Ugao &#8211; Ugao Miraballes &#8211; Juez \u00c1rbitro<\/li>\n<li>2017-05-28 Milla Adepol &#8211; Portugalete &#8211; Juez \u00c1rbitro<\/li>\n<\/ul>\n<p><strong>BASTERRETXEA, GAIZKA<\/strong><\/p>\n<ul>\n<li>2017-03-04 Cto. Euskadi de Marat\u00f3n &#8211; Basauri &#8211; Juez \u00c1rbitro<\/li>\n<\/ul>\n<p><strong>D\u00cdAZ, JUAN CARLOS<\/strong><\/p>\n<ul>\n<li>2016-11-06\u00a0Basauriko Herri Krossa &#8211; Basauri &#8211; Juez \u00c1rbitro<\/li>\n<li>2013-11-20 Herri Crossa &#8211; Bilbao &#8211; Juez \u00c1rbitro<\/li>\n<li>2016-12-04 Ander Deunaren Krosa &#8211; Usansolo &#8211; Juez \u00c1rbitro<\/li>\n<li>2016-12-11 Gabonetako Krosa &#8211; Portugalete &#8211; Juez \u00c1rbitro<\/li>\n<li>2017-01-15 Campeonato de Vizcaya de Cross &#8211; Juez \u00c1rbitro<\/li>\n<li>2017-02-12 Cto de Euskadi de Cross Corto y Veteranos &#8211; Berriz &#8211; Juez \u00c1rbitro<\/li>\n<li>2017-03-12 Carrera Mixta UPV &#8211; Bilbao &#8211; Juez \u00c1rbitro<\/li>\n<li>2017-03-17 PLP &#8211; Durango &#8211; Juez \u00c1rbitro<\/li>\n<li>2017-03-24 PLP &#8211; Durango &#8211; Juez \u00c1rbitro<\/li>\n<li>2017-03-25 Escolar programa B &#8211; Durango &#8211; Juez \u00c1rbitro<\/li>\n<li>2017-03-25 PLP &#8211; Durango &#8211; Juez \u00c1rbitro<\/li>\n<li>2017-04-01 Cto. Vizcaya de Clubes sub 19 &#8211; Bilbao &#8211; Juez \u00c1rbitro<\/li>\n<li>2017-04-08 Escolar programa C &#8211; Durango &#8211; Juez \u00c1rbitro<\/li>\n<li>2017-04-23 Cto. Vizcaya Juvenil-J\u00fanior &#8211; Juez \u00c1rbitro<\/li>\n<li>2017-04-28 PLP &#8211; Durango &#8211; Juez \u00c1rbitro<\/li>\n<li>2017-05-13 Cto. Vizcaya Infantil-Alev\u00edn &#8211; Durango &#8211; Juez \u00c1rbitro<\/li>\n<li>2017-05-28 Cto. Vizcaya-Euskadi de 10.000 &#8211; Basauri &#8211; Juez \u00c1rbitro<\/li>\n<\/ul>\n<p><strong>GALINDO, TOM\u00c1S<\/strong><\/p>\n<ul>\n<li>2016-11-20 PLP Ma\u00f1ana &#8211; Getxo &#8211; Juez \u00c1rbitro<\/li>\n<li>2016-12-17 Escolar Programa C &#8211; Bilbao &#8211; Juez \u00c1rbitro<\/li>\n<li>2017-02-04 Cto. de Marcha en Ruta de Euskadi &#8211; Portugalete &#8211; Juez Jefe<\/li>\n<li>2017-05-21 Mitin Basauriko Probak &#8211; Basauri &#8211; Juez \u00c1rbitro<\/li>\n<\/ul>\n<p><strong>GARC\u00cdA, WENCESLAO<\/strong><\/p>\n<ul>\n<li>2017-04-30 Galdakaoko Herri Krosa &#8211; Galdakao &#8211; Juez \u00c1rbitro<\/li>\n<\/ul>\n<p><strong>MORENO, DAVID<\/strong><\/p>\n<ul>\n<li>2016-11-05 Escolar Programa A Inf-Cad -Basauri- \u00a0Juez \u00c1rbitro<\/li>\n<li>2016-11-20 PLP Tarde &#8211; Getxo &#8211; Juez \u00c1rbitro<\/li>\n<li>2016-12-3 \u00a0PLP Tarde &#8211; Durango &#8211; Juez \u00c1rbitro<\/li>\n<li>2016-12-4 \u00a0Zalla-Balmaseada-Zalla &#8211; Juez \u00c1rbitro<\/li>\n<li>2016-12-17 PLP Tarde &#8211; Durango &#8211; Juez \u00c1rbitro<\/li>\n<li>2016-12-18 Memorial Itziar L\u00f3pez de Uralde &#8211; Bilbao &#8211; Juez \u00c1rbitro<\/li>\n<li>2016-12-23 Marat\u00f3n Cueva de Pozalagua &#8211; Karrantza &#8211; Juez \u00c1rbitro<\/li>\n<li>2017-01-14 Escolar Programa A &#8211; Inf-Cad &#8211; Basauri &#8211; Juez \u00c1rbitro<\/li>\n<li>2017-01-21 PLP Programa B &#8211; \u00a0Basauri &#8211; Juez \u00c1rbitro<\/li>\n<li>2017-01-22 Cross Escolar y Cto. Bizkaia Veteranos &#8211; Muskiz\u00a0&#8211; Juez \u00c1rbitro<\/li>\n<li>2017-02-04 Escolar programa B &#8211; Basauri\u00a0&#8211; Juez \u00c1rbitro<\/li>\n<li>2017-02-11 Programa Alev\u00edn &#8211; Fadura &#8211; Juez \u00c1rbitro<\/li>\n<li>2017-02-18 Cto. Euskadi Lanzamientos Largos (ma\u00f1ana) &#8211; Durango &#8211; Juez \u00c1rbitro<\/li>\n<li>2017-03-04 Escolar Alev\u00edn &#8211; Basauri &#8211; Juez \u00c1rbitro<\/li>\n<li>2017-03-05 Erandioko Herri Krosa &#8211; Erandio &#8211; Juez \u00c1rbitro<\/li>\n<li>2017-03-11 Escolar programa B &#8211; Zorroza &#8211; Juez \u00c1rbitro<\/li>\n<li>2017-03-11 PLP Cadete &#8211; Zorroza &#8211; Juez \u00c1rbitro<\/li>\n<li>2017-03-18 Escolar Alev\u00edn &#8211; Basauri &#8211; Juez \u00c1rbitro<\/li>\n<li>2017-03-18 PLP &#8211; Basauri &#8211; Juez \u00c1rbitro<\/li>\n<li>2017-04-02 Sopelako Herri Lasterketa &#8211; Sopela &#8211; Juez \u00c1rbitro<\/li>\n<li>2017-04-8\/9 Cto. Vizcaya de Clubes &#8211; Durango &#8211; Juez \u00c1rbitro<\/li>\n<li>2017-05-01 PLP &#8211; Getxo &#8211; Juez \u00c1rbitro<\/li>\n<li>2017-05-06 Cto. Vizcaya Escolar Centros &#8211; Bilbao &#8211; Juez \u00c1rbitro<\/li>\n<li>2017-05-13 Cto. Vizcaya Absoluto &#8211; Durango &#8211; Juez \u00c1rbitro<\/li>\n<li>2017-05-20 Cto. Vizcaya Infanti-Alev\u00edn- Durango &#8211; Juez \u00c1rbitro<\/li>\n<\/ul>\n<p><strong>P\u00c9REZ, YAIZA<\/strong><\/p>\n<ul>\n<li>2016-11-26 PLP Ma\u00f1ana &#8211; Durango &#8211; Juez \u00c1rbitro<\/li>\n<\/ul>\n<p><strong>S\u00c1ENZ, JOS\u00c9 MAR\u00cdA<\/strong><\/p>\n<ul>\n<li>2016-11-12 Escolar Programa B Inf-Cad &#8211; Durango &#8211; Juez \u00c1rbitro<\/li>\n<li>2016-11-20 Cross Triano\u00a0&#8211; Abanto-Zierbena &#8211; Juez \u00c1rbitro<\/li>\n<li>2016-11-26 PLP Tarde &#8211; Durango &#8211; Juez \u00c1rbitro<\/li>\n<li>2017-02-02 Campeonato de Euskadi de Cross &#8211; Sopuerta &#8211; Juez \u00c1rbitro<\/li>\n<li>2017-02-19 Cross Escolar &#8211; Berriz &#8211; Juez \u00c1rbitro<\/li>\n<li>2017-02-25 Escolar programa C &#8211; Durango &#8211; Juez \u00c1rbitro<\/li>\n<li>2017-04-29 Escolar Combinadas &#8211; Basauri &#8211; Juez \u00c1rbitro<\/li>\n<li>2017-05-14 Cto. Vizcaya Absoluto &#8211; Durango &#8211; Juez \u00c1rbitro<\/li>\n<li>2017-05-26 PLP &#8211; Basauri &#8211; Juez \u00c1rbitro<\/li>\n<\/ul>\n<p><strong>SANZ, FE<\/strong><\/p>\n<ul>\n<li>2017-01-29 Itxartu Krossa &#8211; Fadura &#8211; Juez \u00c1rbitro<\/li>\n<li>2017-05-07 Carrera Solidaria Proyde Proega La Salle &#8211; Bilbao &#8211; Juez \u00c1rbitro<\/li>\n<li>2014-06-04 Cross Amador Palma &#8211; Sestao &#8211; Juez \u00c1rbitro<\/li>\n<\/ul>\n<p><strong>SILVA, JOSEAN<\/strong><\/p>\n<ul>\n<li>2017-02-04 \u00a0PLP Programa D- Bilbao\u00a0&#8211; Juez \u00c1rbitro<\/li>\n<\/ul>\n<p><strong>VALLE, PEDRO<\/strong><\/p>\n<ul>\n<li>2017-02-11 PLP Programa C- Fadura &#8211; Juez \u00c1rbitro<\/li>\n<li>2017-02-19 Durango Herri Krossa &#8211; Durango &#8211; Juez \u00c1rbitro<\/li>\n<\/ul>\n<p><strong>ZALDUEGI, MONTSE<\/strong><\/p>\n<ul>\n<li>2017-05-14 Legua de San Isidro &#8211; Karrantza &#8211; Juez \u00c1rbitro<\/li>\n<\/ul>\n<p style=\"text-align: center;\"><strong>Designaciones RFEA<\/strong><\/p>\n<p><strong>AZKORRA, PEDRO<\/strong><\/p>\n<ul>\n<li>2016-12-18 Cross Internacional de Venta de Ba\u00f1os (PA)\u00a0&#8211; Juez \u00c1rbitro<\/li>\n<li>2017-04-01 Milla Internacional de Bilbao &#8211; Bilbao &#8211; Juez \u00c1rbitro<\/li>\n<li>2017-05-20 Cto. Clubes 1\u00aa Divisi\u00f3n Muj. &#8211; Burgos &#8211; Juez \u00c1rbitro<\/li>\n<li>2017-06-10 Cto. Clubes 2\u00aa Div. Hom y Muj Final A &#8211; Salamanca &#8211; Juez \u00c1rbitro Concursos<\/li>\n<\/ul>\n<p><strong>BASTERRETXEA, GAIZKA<\/strong><\/p>\n<ul>\n<li>2017-02-18\/19 Cto. de Espa\u00f1a Absoluto P.C. &#8211; Salamanca &#8211; Juez \u00c1rbitro Concursos<\/li>\n<li>2017-05-21 Cto. Espa\u00f1a 10Km Ruta Absoluto y Vet.-Santander &#8211; J.J. Cronom. R.<\/li>\n<\/ul>\n<p><strong>GALINDO, TOM\u00c1S<\/strong><\/p>\n<ul>\n<li>2016-11-13 Cross Internacional de Atapuerca &#8211; \u00a0Atapuerca (BU) &#8211; Juez \u00c1rbitro<\/li>\n<li>2017-04-29 Cto. Clubes Div. Honor Hombres 1\u00aa Jornada &#8211; Zaragoza- JJ Marcha<\/li>\n<li>2017-05-20 Cto. Clubes Div. Honor H y M &#8211; 2\u00aa Jornada &#8211; Pamplona &#8211; JU Apelaci\u00f3n<\/li>\n<li>2017-06-10 Cto. Clubes Div. Honor H y 1\u00aa Div. Mujeres &#8211; 3\u00aa Jornada- Burgos &#8211; JJ Marcha<\/li>\n<\/ul>\n<p><strong>GAL\u00cdNDEZ CABALLERO, JUAN IGNACIO<\/strong><\/p>\n<ul>\n<li>2017-06-04 Marat\u00f3n de Laredo &#8211; Laredo &#8211; J.J.Cronometraje<\/li>\n<\/ul>\n<p><strong>IDARRAGA, ISABEL<\/strong><\/p>\n<ul>\n<li>2016-12-31 Circuito de Nochevieja Memorial Ram\u00f3n Gil &#8211; Galdakao &#8211; Juez \u00c1rbitro<\/li>\n<\/ul>\n<p><strong>RODR\u00cdGUEZ DE LA HERA, JOS\u00c9 MAR\u00cdA<\/strong><\/p>\n<ul>\n<li>2017-05-20 Cto. Clubes 1\u00aa Div. Hombres 2\u00aa jornada &#8211; Gij\u00f3n &#8211; JU Apelaci\u00f3n<\/li>\n<li>2017-06-10 Cto. Clubes 2\u00aa Div. Hom y Muj Final A &#8211; Salamanca &#8211; Juez \u00c1rbitro Carreras<\/li>\n<\/ul>\n<p><strong>S\u00c1ENZ, JOS\u00c9 MAR\u00cdA<\/strong><\/p>\n<ul>\n<li>2016-12-3 Cross de la Constituci\u00f3n &#8211; \u00a0Aranda de Duero (BU) &#8211; Juez \u00c1rbitro<\/li>\n<li>2017-05-21 Cto. Clubes 1\u00aa Div. Hom. 2\u00aa jornada &#8211; Lleida &#8211; JU Apelaci\u00f3n<\/li>\n<li>2017-06-3\/4 Cto. Espa\u00f1a Infantil &#8211; Valladolid &#8211; Juez \u00c1rbitro Carreras<\/li>\n<\/ul>\n<p style=\"text-align: center;\"><a href=\"http:\/\/bizkaiatletismo.eu\/jueces\/designaciones\/anteriores\/\"><strong>Temporadas anteriores<\/strong><\/a><\/p>\n","protected":false},"excerpt":{"rendered":"<p>Designaciones Bizkaia \/ Euskadi AZKORRA, PEDRO 2016-12-03 Cross Escolar\u00a0&#8211; Usansolo &#8211; Juez \u00c1rbitro 2016-12-25 Cross Andra Mari &#8211; Itxas Argia &#8211; Juez \u00c1rbitro 2017-01-28 PLP P.C. &#8211; Donosti &#8211; Juez \u00c1rbitro 2017-02-04 Cto de Marcha en Ruta de Euskadi &#8211; &hellip; <a href=\"https:\/\/bizkaiatletismo.eu\/jueces\/designaciones\/\">Sigue leyendo <span class=\"meta-nav\">&rarr;<\/span><\/a><\/p>\n","protected":false},"author":7,"featured_media":0,"parent":0,"menu_order":0,"comment_status":"closed","ping_status":"closed","template":"","meta":{"footnotes":""},"class_list":["post-1791","page","type-page","status-publish","hentry"],"_links":{"self":[{"href":"https:\/\/bizkaiatletismo.eu\/jueces\/wp-json\/wp\/v2\/pages\/1791","targetHints":{"allow":["GET"]}}],"collection":[{"href":"https:\/\/bizkaiatletismo.eu\/jueces\/wp-json\/wp\/v2\/pages"}],"about":[{"href":"https:\/\/bizkaiatletismo.eu\/jueces\/wp-json\/wp\/v2\/types\/page"}],"author":[{"embeddable":true,"href":"https:\/\/bizkaiatletismo.eu\/jueces\/wp-json\/wp\/v2\/users\/7"}],"replies":[{"embeddable":true,"href":"https:\/\/bizkaiatletismo.eu\/jueces\/wp-json\/wp\/v2\/comments?post=1791"}],"version-history":[{"count":30,"href":"https:\/\/bizkaiatletismo.eu\/jueces\/wp-json\/wp\/v2\/pages\/1791\/revisions"}],"predecessor-version":[{"id":2283,"href":"https:\/\/bizkaiatletismo.eu\/jueces\/wp-json\/wp\/v2\/pages\/1791\/revisions\/2283"}],"wp:attachment":[{"href":"https:\/\/bizkaiatletismo.eu\/jueces\/wp-json\/wp\/v2\/media?parent=1791"}],"curies":[{"name":"wp","href":"https:\/\/api.w.org\/{rel}","templated":true}]}}