{"id":305,"date":"2013-11-01T09:33:03","date_gmt":"2013-11-01T09:33:03","guid":{"rendered":"http:\/\/bizkaiatletismo.eu\/eskola\/?page_id=305"},"modified":"2018-11-21T18:18:46","modified_gmt":"2018-11-21T18:18:46","slug":"fotos","status":"publish","type":"page","link":"https:\/\/bizkaiatletismo.eu\/eskola\/fotos\/","title":{"rendered":"Fotos-Argazkiak"},"content":{"rendered":"<p>V\u00eddeos Youtube<br \/>\n<iframe loading=\"lazy\" src=\"https:\/\/www.youtube.com\/embed\/videoseries?list=PLUu7KkWg9Ej9-FYHnJo2KUC1VEBfXseU5\" width=\"600\" height=\"338\" frameborder=\"0\" allowfullscreen=\"allowfullscreen\"><\/iframe><\/p>\n<p><strong><span style=\"color: #ff6600;\">Fotorreportajes de Competiciones<\/span><\/strong><\/p>\n<h2><a href=\"https:\/\/plus.google.com\/104615584973388085896\" target=\"_blank\" rel=\"noopener\">FOTOS DE GABRIEL TELLER\u00cdA<\/a><\/h2>\n<p>&nbsp;<\/p>\n<hr \/>\n<p><span style=\"color: #ff0000;\"><strong>Estos documentos gr\u00e1ficos pertenecen a sus autores.<\/strong><\/span><\/p>\n","protected":false},"excerpt":{"rendered":"<p>V\u00eddeos Youtube Fotorreportajes de Competiciones FOTOS DE GABRIEL TELLER\u00cdA &nbsp; Estos documentos gr\u00e1ficos pertenecen a sus autores.<\/p>\n","protected":false},"author":2,"featured_media":0,"parent":0,"menu_order":0,"comment_status":"closed","ping_status":"closed","template":"","meta":[],"_links":{"self":[{"href":"https:\/\/bizkaiatletismo.eu\/eskola\/wp-json\/wp\/v2\/pages\/305"}],"collection":[{"href":"https:\/\/bizkaiatletismo.eu\/eskola\/wp-json\/wp\/v2\/pages"}],"about":[{"href":"https:\/\/bizkaiatletismo.eu\/eskola\/wp-json\/wp\/v2\/types\/page"}],"author":[{"embeddable":true,"href":"https:\/\/bizkaiatletismo.eu\/eskola\/wp-json\/wp\/v2\/users\/2"}],"replies":[{"embeddable":true,"href":"https:\/\/bizkaiatletismo.eu\/eskola\/wp-json\/wp\/v2\/comments?post=305"}],"version-history":[{"count":38,"href":"https:\/\/bizkaiatletismo.eu\/eskola\/wp-json\/wp\/v2\/pages\/305\/revisions"}],"predecessor-version":[{"id":1498,"href":"https:\/\/bizkaiatletismo.eu\/eskola\/wp-json\/wp\/v2\/pages\/305\/revisions\/1498"}],"wp:attachment":[{"href":"https:\/\/bizkaiatletismo.eu\/eskola\/wp-json\/wp\/v2\/media?parent=305"}],"curies":[{"name":"wp","href":"https:\/\/api.w.org\/{rel}","templated":true}]}}